{"id":269,"date":"2021-03-10T23:12:25","date_gmt":"2021-03-10T23:12:25","guid":{"rendered":"https:\/\/cdoc.serpaj.org.ar\/cdoc\/?page_id=269"},"modified":"2023-05-02T22:45:01","modified_gmt":"2023-05-02T22:45:01","slug":"coleccion-digitalizada-revistas-y-boletines-paz-y-justicia","status":"publish","type":"page","link":"https:\/\/cdoc.serpaj.org.ar\/cdoc\/?page_id=269","title":{"rendered":"Colecci\u00f3n digitalizada Revistas y Boletines Paz y Justicia"},"content":{"rendered":"<div class=\"wp-block-image\">\n<figure class=\"aligncenter\"><a href=\"https:\/\/1.bp.blogspot.com\/-rzj5cKWNSMM\/XmbQNGLGe7I\/AAAAAAAAAyc\/koJOuaOE2mAIW-kHz26DN24YFXUn2EslgCLcBGAsYHQ\/s1600\/Copia%2B%25283%2529%2Bde%2BBandera%2BSerpaj%2Ben%2Bmanifestaci%25C3%25B3n.jpg\"><img decoding=\"async\" src=\"https:\/\/1.bp.blogspot.com\/-rzj5cKWNSMM\/XmbQNGLGe7I\/AAAAAAAAAyc\/koJOuaOE2mAIW-kHz26DN24YFXUn2EslgCLcBGAsYHQ\/s320\/Copia%2B%25283%2529%2Bde%2BBandera%2BSerpaj%2Ben%2Bmanifestaci%25C3%25B3n.jpg\" alt=\"\"\/><\/a><\/figure>\n<\/div>\n\n\n<p>Los Boletines y Revistas Paz y Justicia fueron los \u00f3rganos de difusi\u00f3n del Servicio de Paz y Justicia en tiempos de dictadura, en la transici\u00f3n hacia la democracia y en democracia.&nbsp;<br>En esta publicaci\u00f3n digitalizada en tres vol\u00famenes, podr\u00e1 encontrar parte de nuestra historia reciente, sobre violaciones de DDHH y Noviolencia. Su contenido resultar\u00e1 de gran utilidad para estudiantes e investigadores.<br><\/p>\n\n\n<div class=\"wp-block-image\">\n<figure class=\"aligncenter\"><a href=\"https:\/\/1.bp.blogspot.com\/-6GmOKBaRCzc\/XmbQR8VgQzI\/AAAAAAAAAyg\/lUzpXxxT4LAvc000fax-aui79q1ZlCx2QCLcBGAsYHQ\/s1600\/Car%25C3%25A1tula%2BCD2_copia.jpg\"><img decoding=\"async\" src=\"https:\/\/1.bp.blogspot.com\/-6GmOKBaRCzc\/XmbQR8VgQzI\/AAAAAAAAAyg\/lUzpXxxT4LAvc000fax-aui79q1ZlCx2QCLcBGAsYHQ\/s320\/Car%25C3%25A1tula%2BCD2_copia.jpg\" alt=\"\"\/><\/a><\/figure>\n<\/div>\n\n\n<h3 class=\"wp-block-heading\">\u27a5<a href=\"https:\/\/cdoc.serpaj.org.ar\/cdoc\/?page_id=356\">Bolet\u00edn Paz y Justicia Am\u00e9rica Latina (1973-1983)<\/a><br><a href=\"https:\/\/cdoc.serpaj.org.ar\/cdoc\/?page_id=351\">\u27a5Revista Paz y Justicia Argentina (1983-1984)<br><\/a>\u27a5<a rel=\"noreferrer noopener\" href=\"https:\/\/cdoc.serpaj.org.ar\/cdoc\/?page_id=360\" target=\"_blank\">Revista Paz y Justicia Argentina (1989-1998)<\/a><\/h3>\n\n\n\n<p><\/p>\n\n\n\n<p><\/p>\n\n\n\n<p><\/p>\n\n\n\n<p><\/p>\n\n\n\n<h2 class=\"wp-block-heading\"><\/h2>\n\n\n\n<p><br><\/p>\n\n\n\n<p><br><\/p>\n\n\n\n<div class=\"wp-block-group\"><div class=\"wp-block-group__inner-container is-layout-flow wp-block-group-is-layout-flow\">\n<p class=\"has-drop-cap\"><\/p>\n<\/div><\/div>\n\n\n\n<p class=\"has-drop-cap\"><\/p>\n\n\n\n<p class=\"has-drop-cap\"><\/p>\n\n\n\n<p><br><\/p>\n","protected":false},"excerpt":{"rendered":"<p>Los Boletines y Revistas Paz y Justicia fueron los \u00f3rganos de difusi\u00f3n del Servicio de Paz y Justicia en tiempos de dictadura, en la transici\u00f3n hacia la democracia y en democracia.&nbsp;En esta publicaci\u00f3n digitalizada en tres vol\u00famenes, podr\u00e1 encontrar parte de nuestra historia reciente, sobre violaciones de DDHH y Noviolencia. Su contenido resultar\u00e1 de gran&hellip;&nbsp;<a href=\"https:\/\/cdoc.serpaj.org.ar\/cdoc\/?page_id=269\" class=\"\" rel=\"bookmark\">Leer m\u00e1s &raquo;<span class=\"screen-reader-text\">Colecci\u00f3n digitalizada Revistas y Boletines Paz y Justicia<\/span><\/a><\/p>\n","protected":false},"author":1,"featured_media":0,"parent":0,"menu_order":0,"comment_status":"closed","ping_status":"closed","template":"","meta":{"neve_meta_sidebar":"default","neve_meta_container":"contained","neve_meta_enable_content_width":"","neve_meta_content_width":0,"neve_meta_title_alignment":"","neve_meta_author_avatar":"","neve_post_elements_order":"","neve_meta_disable_header":"off","neve_meta_disable_footer":"","neve_meta_disable_title":"","_themeisle_gutenberg_block_has_review":false,"_ti_tpc_template_sync":false,"_ti_tpc_template_id":"","footnotes":""},"class_list":["post-269","page","type-page","status-publish","hentry"],"_links":{"self":[{"href":"https:\/\/cdoc.serpaj.org.ar\/cdoc\/index.php?rest_route=\/wp\/v2\/pages\/269","targetHints":{"allow":["GET"]}}],"collection":[{"href":"https:\/\/cdoc.serpaj.org.ar\/cdoc\/index.php?rest_route=\/wp\/v2\/pages"}],"about":[{"href":"https:\/\/cdoc.serpaj.org.ar\/cdoc\/index.php?rest_route=\/wp\/v2\/types\/page"}],"author":[{"embeddable":true,"href":"https:\/\/cdoc.serpaj.org.ar\/cdoc\/index.php?rest_route=\/wp\/v2\/users\/1"}],"replies":[{"embeddable":true,"href":"https:\/\/cdoc.serpaj.org.ar\/cdoc\/index.php?rest_route=%2Fwp%2Fv2%2Fcomments&post=269"}],"version-history":[{"count":8,"href":"https:\/\/cdoc.serpaj.org.ar\/cdoc\/index.php?rest_route=\/wp\/v2\/pages\/269\/revisions"}],"predecessor-version":[{"id":669,"href":"https:\/\/cdoc.serpaj.org.ar\/cdoc\/index.php?rest_route=\/wp\/v2\/pages\/269\/revisions\/669"}],"wp:attachment":[{"href":"https:\/\/cdoc.serpaj.org.ar\/cdoc\/index.php?rest_route=%2Fwp%2Fv2%2Fmedia&parent=269"}],"curies":[{"name":"wp","href":"https:\/\/api.w.org\/{rel}","templated":true}]}}